{"id":109,"date":"2016-08-11T08:44:06","date_gmt":"2016-08-11T08:44:06","guid":{"rendered":"http:\/\/wp.mgms-ev.de\/?page_id=109"},"modified":"2018-12-04T20:17:36","modified_gmt":"2018-12-04T20:17:36","slug":"myofasziales-syndrom","status":"publish","type":"page","link":"http:\/\/wp.mgms-ev.de\/?page_id=109","title":{"rendered":"Myofasziales Syndrom"},"content":{"rendered":"<p><strong>Myofaszial<\/strong>\u00a0als medizinischer Fachausdruck leitet sich her vom griechischen\u00a0<strong>mys<\/strong>, Muskel (Maus), und dem lateinischen\u00a0<strong>fascia<\/strong>, Band, Binde, Bandage. Fascial benennt also das, was als vom Bindegewebe ausgehend verstanden wird.<\/p>\n<p>Schmerzen und Bewegungsst\u00f6rungen, welche von\u00a0Muskeln und Bindegewebe ausgehen, sind sehr h\u00e4ufig.<\/p>\n<p>Warum werden myofaszial bedingte Beschwerden selten diagnostiziert und gezielt behandelt?<\/p>\n<p>Myofasziale Schmerzen werden oft nicht nur am Entstehungsort, sondern weit entfernt\u00a0in anderen K\u00f6rperregionen empfunden. Das\u00a0Ph\u00e4nomen wird als <a href=\"http:\/\/wp.mgms-ev.de\/?page_id=1150\"><span style=\"text-decoration: underline;\"><span style=\"color: #0000ff; text-decoration: underline;\">\u00dcbertragungsschmerz<\/span><\/span><\/a>\u00a0(engl. <a href=\"http:\/\/wp.mgms-ev.de\/?page_id=1150\"><span style=\"text-decoration: underline;\"><span style=\"color: #0000ff; text-decoration: underline;\">&#8222;referred pain&#8220;)<\/span><\/span><\/a>\u00a0beschrieben und d\u00fcrfte einer der Gr\u00fcnde sein, warum myofaszial bedingte Beschwerden so wenig beachtet\u00a0werden, da man gar nicht gezielt nach ihnen sucht. Ein weiterer wichtiger Grund, warum das Myofasziale Syndrom selten diagnostiziert wird, ist der\u00a0bisher fehlende Nachweis in der bildgebenden (Sonographie, R\u00f6ntgen, MRT, CT, &#8230;) und laborchemischen Diagnostik. Das Myofasziale Syndrom kann jedoch\u00a0durch erfahrene und nach dem <a href=\"http:\/\/wp.mgms-ev.de\/?page_id=516\"><span style=\"text-decoration: underline;\"><span style=\"color: #0000ff; text-decoration: underline;\">IMTT Standard<\/span><\/span><\/a>\u00a0ausgebildete \u00c4rzte und Therapeuten\u00a0zuverl\u00e4ssig\u00a0in der k\u00f6rperlichen Untersuchung definiert und damit sicher diagnostiziert werden.<\/p>\n<p>Die US-amerikanischen \u00c4rzte Dr. Janet Travell und Prof. Dr. David Simons hatten seit den 40er Jahren des 20ten Jahrhunderts die Muskulatur ins Zentrum ihres medizinischen Interesses gestellt. Sie definierten und pr\u00e4gten den Begriff der <a href=\"http:\/\/wp.mgms-ev.de\/?page_id=1140\"><span style=\"text-decoration: underline;\"><span style=\"color: #0000ff; text-decoration: underline;\">&#8222;Myofaszialen Triggerpunkte&#8220;.<\/span><\/span><\/a><\/p>\n<p><a href=\"http:\/\/wp.mgms-ev.de\/?page_id=1140\"><span style=\"text-decoration: underline;\"><span style=\"color: #0000ff; text-decoration: underline;\">Myofasziale Triggerpunkte<\/span><\/span><\/a> entstehen in Muskeln und Bindegewebe, um den K\u00f6rper vor einer akuten oder chronischen \u00dcber- oder Fehlbelastung zu sch\u00fctzen. Sie k\u00f6nnen prim\u00e4r f\u00fcr das Beschwerdebild des Patienten oder auch sekund\u00e4r bei anderen Erkrankungen (Arthrosen, Verschlei\u00dferkrankungen, anatomischen Fehlstellungen, &#8230;) an den Beschwerden beteiligt sein. <span style=\"color: #0000ff;\"><a style=\"color: #0000ff; text-decoration: underline;\" href=\"http:\/\/wp.mgms-ev.de\/?page_id=1140\">Myofasziale Triggerpunkte<\/a>\u00a0<\/span>k\u00f6nnen anhand ihrer klar definierten Eigenschaften von \u00c4rzten und Therapeuten sicher diagnostiziert und ertastet werden. Hierdurch\u00a0werden\u00a0bei\u00a0der\u00a0Manipulation des Untersuchers nicht selten genau die bekannten Beschwerden und Schmerzen der betroffenen Patienten ausgel\u00f6st.<\/p>\n<p>Die Summe aller durch <span style=\"text-decoration: underline;\"><span style=\"color: #0000ff;\"><a style=\"color: #0000ff; text-decoration: underline;\" href=\"http:\/\/wp.mgms-ev.de\/?page_id=1140\">Myofasziale Triggerpunkte<\/a><\/span><\/span> ausgel\u00f6sten Beschwerden wird als Myofasziales Syndrom bezeichnet.<\/p>\n<p>Nach gezielter Diagnostik und Identifikation der <a href=\"http:\/\/wp.mgms-ev.de\/?page_id=1140\"><span style=\"text-decoration: underline;\"><span style=\"color: #0000ff; text-decoration: underline;\">Myofazialen Triggerpunkte<\/span><\/span><\/a> ist\u00a0eine spezifische Therapie des Myofaszialen Syndroms m\u00f6glich. Diese verl\u00e4uft auch bei chronischen Beschwerden h\u00e4ufig noch erfolgreich.<\/p>\n<p>F\u00fcr weitere INFOs stehen in der Rubrik <span style=\"color: #333333;\">&#8222;Download&#8220; \u00a0<\/span><a href=\"http:\/\/wp.mgms-ev.de\/?page_id=219\"><span style=\"text-decoration: underline;\"><span style=\"color: #0000ff; text-decoration: underline;\">Flyer zum Herunterladen<\/span><\/span><\/a>\u00a0f\u00fcr Sie bereit.<\/p>\n","protected":false},"excerpt":{"rendered":"<p>Myofaszial\u00a0als medizinischer Fachausdruck leitet sich her vom griechischen\u00a0mys, Muskel (Maus), und dem lateinischen\u00a0fascia, Band, Binde, Bandage. Fascial benennt also das, was als vom Bindegewebe ausgehend verstanden wird. Schmerzen und Bewegungsst\u00f6rungen, welche von\u00a0Muskeln und Bindegewebe ausgehen, sind sehr h\u00e4ufig. Warum werden myofaszial bedingte Beschwerden selten diagnostiziert und gezielt behandelt? Myofasziale Schmerzen werden oft nicht nur am <a class=\"more-link\" href=\"http:\/\/wp.mgms-ev.de\/?page_id=109\">Weiterlesen <i class=\"fa fa-chevron-right\"><\/i><\/a><\/p>\n","protected":false},"author":1,"featured_media":0,"parent":0,"menu_order":0,"comment_status":"closed","ping_status":"closed","template":"","meta":[],"_links":{"self":[{"href":"http:\/\/wp.mgms-ev.de\/index.php?rest_route=\/wp\/v2\/pages\/109"}],"collection":[{"href":"http:\/\/wp.mgms-ev.de\/index.php?rest_route=\/wp\/v2\/pages"}],"about":[{"href":"http:\/\/wp.mgms-ev.de\/index.php?rest_route=\/wp\/v2\/types\/page"}],"author":[{"embeddable":true,"href":"http:\/\/wp.mgms-ev.de\/index.php?rest_route=\/wp\/v2\/users\/1"}],"replies":[{"embeddable":true,"href":"http:\/\/wp.mgms-ev.de\/index.php?rest_route=%2Fwp%2Fv2%2Fcomments&post=109"}],"version-history":[{"count":24,"href":"http:\/\/wp.mgms-ev.de\/index.php?rest_route=\/wp\/v2\/pages\/109\/revisions"}],"predecessor-version":[{"id":2095,"href":"http:\/\/wp.mgms-ev.de\/index.php?rest_route=\/wp\/v2\/pages\/109\/revisions\/2095"}],"wp:attachment":[{"href":"http:\/\/wp.mgms-ev.de\/index.php?rest_route=%2Fwp%2Fv2%2Fmedia&parent=109"}],"curies":[{"name":"wp","href":"https:\/\/api.w.org\/{rel}","templated":true}]}}