{"id":11,"date":"2016-08-10T17:10:38","date_gmt":"2016-08-10T17:10:38","guid":{"rendered":"http:\/\/wp.mgms-ev.de\/?page_id=11"},"modified":"2025-06-22T09:47:58","modified_gmt":"2025-06-22T09:47:58","slug":"impressum","status":"publish","type":"page","link":"http:\/\/wp.mgms-ev.de\/?page_id=11","title":{"rendered":"Impressum"},"content":{"rendered":"<p><strong>Medizinische Gesellschaft f\u00fcr Myofasziale Schmerzen e.V. (MGMS e.V.)<\/strong><\/p>\n<p>Johannisstra\u00dfe 19\/20<\/p>\n<p>49074 Osnabr\u00fcck<\/p>\n<p>Telefon: +49 151 58156144<\/p>\n<p>Email:\u00a0<a href=\"mailto:info@mgms-ev.de\">info@mgms-ev.de<\/a><\/p>\n<p><strong>Vertretungsberechtigte Personen:<\/strong><\/p>\n<p><strong>1. Vorsitzender\u00a0<\/strong><\/p>\n<p>Karl Liess<\/p>\n<p>Johannisstra\u00dfe 19\/20<\/p>\n<p>49074 Osnabr\u00fcck<\/p>\n<p><strong>2. Vorsitzender<\/strong><\/p>\n<p>Dr. Gunnar Licht<\/p>\n<p>Johannisstra\u00dfe 19\/20<\/p>\n<p>49074 Osnabr\u00fcck<\/p>\n<p><strong>Vereinsregister:<\/strong><\/p>\n<p>Registergericht: Amtsgericht M\u00fcnster<\/p>\n<p>Registernummer: VR 4701<\/p>\n<p><strong>Verantwortliche\u00a0gem\u00e4\u00df \u00a7 55 Abs. 2 RStV:<\/strong><\/p>\n<p>1. Vorsitzender<\/p>\n<p>Karl Liess,<\/p>\n<p>Johannisstra\u00dfe 19\/20<\/p>\n<p>49074 Osnabr\u00fcck<\/p>\n<p>2. Vorsitzender<\/p>\n<p>Dr. Gunnar Licht<\/p>\n<p>Johannisstra\u00dfe 19\/20<\/p>\n<p>49074 Osnabr\u00fcck<\/p>\n<p><strong>Inhalte des Internetauftritts:<\/strong><\/p>\n<p>Die Inhalte des Internetauftritts wurden mit gr\u00f6\u00dftm\u00f6glicher Sorgfalt und nach bestem Gewissen erstellt. Dennoch \u00fcbernimmt der Anbieter dieser Webseite keine Gew\u00e4hr f\u00fcr die Aktualit\u00e4t, Vollst\u00e4ndigkeit und Richtigkeit der bereitgestellten Seiten und Inhalte.<\/p>\n<p>Die Webseite enth\u00e4lt sog. \u201eexterne Links\u201c (Verlinkungen) zu anderen Webseiten, auf deren Inhalt der Anbieter der Webseite keinen Einfluss hat. Aus diesem Grund kann der Anbieter f\u00fcr diese Inhalte auch keine Gew\u00e4hr \u00fcbernehmen.<br \/>\nF\u00fcr die Inhalte und Richtigkeit der bereitgestellten Informationen ist der jeweilige Anbieter der verlinkten Webseite verantwortlich. Zum Zeitpunkt der Verlinkung waren keine Rechtsverst\u00f6\u00dfe erkennbar. Bei Bekanntwerden einer solchen Rechtsverletzung wird der Link umgehend entfernt.<\/p>\n<p><a style=\"color: #0000ff; text-decoration: underline;\" href=\"http:\/\/wp.mgms-ev.de\/wp-content\/uploads\/2016\/11\/20161124-Datenschutzerklaerung-MGMS.pdf\">Datenschutzerklaerung MGMS e.V.<\/a><\/p>\n","protected":false},"excerpt":{"rendered":"<p>Medizinische Gesellschaft f\u00fcr Myofasziale Schmerzen e.V. (MGMS e.V.) Johannisstra\u00dfe 19\/20 49074 Osnabr\u00fcck Telefon: +49 151 58156144 Email:\u00a0info@mgms-ev.de Vertretungsberechtigte Personen: 1. Vorsitzender\u00a0 Karl Liess Johannisstra\u00dfe 19\/20 49074 Osnabr\u00fcck 2. Vorsitzender Dr. Gunnar Licht Johannisstra\u00dfe 19\/20 49074 Osnabr\u00fcck Vereinsregister: Registergericht: Amtsgericht M\u00fcnster Registernummer: VR 4701 Verantwortliche\u00a0gem\u00e4\u00df \u00a7 55 Abs. 2 RStV: 1. Vorsitzender Karl Liess, Johannisstra\u00dfe 19\/20 <a class=\"more-link\" href=\"http:\/\/wp.mgms-ev.de\/?page_id=11\">Weiterlesen <i class=\"fa fa-chevron-right\"><\/i><\/a><\/p>\n","protected":false},"author":1,"featured_media":0,"parent":0,"menu_order":0,"comment_status":"closed","ping_status":"closed","template":"","meta":[],"_links":{"self":[{"href":"http:\/\/wp.mgms-ev.de\/index.php?rest_route=\/wp\/v2\/pages\/11"}],"collection":[{"href":"http:\/\/wp.mgms-ev.de\/index.php?rest_route=\/wp\/v2\/pages"}],"about":[{"href":"http:\/\/wp.mgms-ev.de\/index.php?rest_route=\/wp\/v2\/types\/page"}],"author":[{"embeddable":true,"href":"http:\/\/wp.mgms-ev.de\/index.php?rest_route=\/wp\/v2\/users\/1"}],"replies":[{"embeddable":true,"href":"http:\/\/wp.mgms-ev.de\/index.php?rest_route=%2Fwp%2Fv2%2Fcomments&post=11"}],"version-history":[{"count":11,"href":"http:\/\/wp.mgms-ev.de\/index.php?rest_route=\/wp\/v2\/pages\/11\/revisions"}],"predecessor-version":[{"id":2572,"href":"http:\/\/wp.mgms-ev.de\/index.php?rest_route=\/wp\/v2\/pages\/11\/revisions\/2572"}],"wp:attachment":[{"href":"http:\/\/wp.mgms-ev.de\/index.php?rest_route=%2Fwp%2Fv2%2Fmedia&parent=11"}],"curies":[{"name":"wp","href":"https:\/\/api.w.org\/{rel}","templated":true}]}}