{"id":1150,"date":"2016-10-26T10:35:41","date_gmt":"2016-10-26T10:35:41","guid":{"rendered":"http:\/\/wp.mgms-ev.de\/?page_id=1150"},"modified":"2016-11-22T20:05:09","modified_gmt":"2016-11-22T20:05:09","slug":"uebertragungsschmerz-oder-referred-pain","status":"publish","type":"page","link":"http:\/\/wp.mgms-ev.de\/?page_id=1150","title":{"rendered":"\u00dcbertragungsschmerzen"},"content":{"rendered":"<p>\u00dcbertragungsschmerzen ist von dem englischem Begriff &#8222;referred pain&#8220; abgeleitet. Sie sind einer der wichtigsten Charakteristika\u00a0<span style=\"text-decoration: underline; color: #0000ff;\"><a style=\"color: #0000ff; text-decoration: underline;\" href=\"http:\/\/wp.mgms-ev.de\/?page_id=1140\">Myofaszialer Triggerpunkte<\/a>.<\/span><\/p>\n<p>Schmerzhafte muskelbindegewebige Strukturen \u00fcbertragen den Schmerz\u00a0oft in weit entfernten K\u00f6rperregionen. Dieses Ph\u00e4nomen ist seit langem wissenschaftlich bekannt und gut erforscht. Es gibt f\u00fcr jeden einzelnen Muskel des K\u00f6rpers charakteristische \u00dcbertragungsschmerzregionen, sogenannte &#8222;referred pain patterns&#8220;. Allein diese Erkenntnis erweitert den\u00a0differentialdiagnostischen Fokus in der Medizin erheblich.<\/p>\n<p>\u00dcbertragungsschmerzmuster oder &#8222;referred pain&#8220; aus dem M. trapezius pars descendens\u00a0in die Nacken\/Schl\u00e4fenregion.<\/p>\n<p><img loading=\"lazy\" class=\"alignnone wp-image-1154\" src=\"http:\/\/wp.mgms-ev.de\/wp-content\/uploads\/2016\/10\/m_trapezius1-160x300.jpg\" alt=\"Referred pain M. trapezius\" width=\"251\" height=\"471\" srcset=\"http:\/\/wp.mgms-ev.de\/wp-content\/uploads\/2016\/10\/m_trapezius1-160x300.jpg 160w, http:\/\/wp.mgms-ev.de\/wp-content\/uploads\/2016\/10\/m_trapezius1-768x1441.jpg 768w, http:\/\/wp.mgms-ev.de\/wp-content\/uploads\/2016\/10\/m_trapezius1-546x1024.jpg 546w, http:\/\/wp.mgms-ev.de\/wp-content\/uploads\/2016\/10\/m_trapezius1.jpg 1191w\" sizes=\"(max-width: 251px) 100vw, 251px\" \/><\/p>\n<p>\u00dcbertragungsschmerzmuster oder &#8222;referred pain&#8220; aus dem M. glutaeus minimums seitlich ins Bein teilweise bis in den Fu\u00df.<\/p>\n<p><img loading=\"lazy\" class=\"alignnone wp-image-1152\" src=\"http:\/\/wp.mgms-ev.de\/wp-content\/uploads\/2016\/10\/M_GLUTAEUS-300x180.jpg\" alt=\"M. glutaeus minimus\" width=\"467\" height=\"280\" srcset=\"http:\/\/wp.mgms-ev.de\/wp-content\/uploads\/2016\/10\/M_GLUTAEUS-300x180.jpg 300w, http:\/\/wp.mgms-ev.de\/wp-content\/uploads\/2016\/10\/M_GLUTAEUS-768x461.jpg 768w, http:\/\/wp.mgms-ev.de\/wp-content\/uploads\/2016\/10\/M_GLUTAEUS-1024x615.jpg 1024w\" sizes=\"(max-width: 467px) 100vw, 467px\" \/><\/p>\n","protected":false},"excerpt":{"rendered":"<p>\u00dcbertragungsschmerzen ist von dem englischem Begriff &#8222;referred pain&#8220; abgeleitet. Sie sind einer der wichtigsten Charakteristika\u00a0Myofaszialer Triggerpunkte. Schmerzhafte muskelbindegewebige Strukturen \u00fcbertragen den Schmerz\u00a0oft in weit entfernten K\u00f6rperregionen. Dieses Ph\u00e4nomen ist seit langem wissenschaftlich bekannt und gut erforscht. Es gibt f\u00fcr jeden einzelnen Muskel des K\u00f6rpers charakteristische \u00dcbertragungsschmerzregionen, sogenannte &#8222;referred pain patterns&#8220;. Allein diese Erkenntnis erweitert den\u00a0differentialdiagnostischen <a class=\"more-link\" href=\"http:\/\/wp.mgms-ev.de\/?page_id=1150\">Weiterlesen <i class=\"fa fa-chevron-right\"><\/i><\/a><\/p>\n","protected":false},"author":1,"featured_media":0,"parent":0,"menu_order":0,"comment_status":"closed","ping_status":"closed","template":"","meta":[],"_links":{"self":[{"href":"http:\/\/wp.mgms-ev.de\/index.php?rest_route=\/wp\/v2\/pages\/1150"}],"collection":[{"href":"http:\/\/wp.mgms-ev.de\/index.php?rest_route=\/wp\/v2\/pages"}],"about":[{"href":"http:\/\/wp.mgms-ev.de\/index.php?rest_route=\/wp\/v2\/types\/page"}],"author":[{"embeddable":true,"href":"http:\/\/wp.mgms-ev.de\/index.php?rest_route=\/wp\/v2\/users\/1"}],"replies":[{"embeddable":true,"href":"http:\/\/wp.mgms-ev.de\/index.php?rest_route=%2Fwp%2Fv2%2Fcomments&post=1150"}],"version-history":[{"count":11,"href":"http:\/\/wp.mgms-ev.de\/index.php?rest_route=\/wp\/v2\/pages\/1150\/revisions"}],"predecessor-version":[{"id":1466,"href":"http:\/\/wp.mgms-ev.de\/index.php?rest_route=\/wp\/v2\/pages\/1150\/revisions\/1466"}],"wp:attachment":[{"href":"http:\/\/wp.mgms-ev.de\/index.php?rest_route=%2Fwp%2Fv2%2Fmedia&parent=1150"}],"curies":[{"name":"wp","href":"https:\/\/api.w.org\/{rel}","templated":true}]}}