{"id":120,"date":"2016-08-11T08:49:07","date_gmt":"2016-08-11T08:49:07","guid":{"rendered":"http:\/\/wp.mgms-ev.de\/?page_id=120"},"modified":"2018-01-17T18:00:49","modified_gmt":"2018-01-17T18:00:49","slug":"wie-finde-ich-einen-gut-ausgebildeten-arzt-oder-therapeuten","status":"publish","type":"page","link":"http:\/\/wp.mgms-ev.de\/?page_id=120","title":{"rendered":"Therapeuten und Arztsuche"},"content":{"rendered":"<p>Mit der\u00a0<span style=\"color: #0000ff;\"><a href=\"http:\/\/wp.mgms-ev.de\/?page_id=1535\"><span style=\"text-decoration: underline;\"><span style=\"color: #0000ff; text-decoration: underline;\">Suchfunktion<\/span><\/span>\u00a0<\/a><span style=\"color: #646469;\">k\u00f6nnen\u00a0Sie Therapeuten und \u00c4rzte finden, welche die Myofasziale Diagnostik und Therapie nach dem<\/span> <a href=\"http:\/\/wp.mgms-ev.de\/?page_id=516\"><span style=\"text-decoration: underline;\"><span style=\"color: #0000ff; text-decoration: underline;\"><em><strong><span style=\"color: #ff0000; text-decoration: underline;\">IMTT<\/span><\/strong><\/em> Standard<\/span><\/span><\/a>\u00a0<span style=\"color: #67676b;\">w\u00e4hrend eines Grundstudiums (Physiotherapeuten 10 Tage und \u00c4rzte 8 Tage) kennengelernt haben.<\/span><\/span><\/p>\n<p>F\u00fcr eine alternative Suchfunktion\u00a0empfehlen wir Ihnen folgenden LINK, <a href=\"http:\/\/www.triggerpunkt-therapie.eu\"><span style=\"color: #0000ff;\">www.triggerpunkt-therapie.eu<\/span><\/a><\/p>\n","protected":false},"excerpt":{"rendered":"<p>Mit der\u00a0Suchfunktion\u00a0k\u00f6nnen\u00a0Sie Therapeuten und \u00c4rzte finden, welche die Myofasziale Diagnostik und Therapie nach dem IMTT Standard\u00a0w\u00e4hrend eines Grundstudiums (Physiotherapeuten 10 Tage und \u00c4rzte 8 Tage) kennengelernt haben. F\u00fcr eine alternative Suchfunktion\u00a0empfehlen wir Ihnen folgenden LINK, www.triggerpunkt-therapie.eu<\/p>\n","protected":false},"author":1,"featured_media":0,"parent":0,"menu_order":0,"comment_status":"closed","ping_status":"closed","template":"","meta":[],"_links":{"self":[{"href":"http:\/\/wp.mgms-ev.de\/index.php?rest_route=\/wp\/v2\/pages\/120"}],"collection":[{"href":"http:\/\/wp.mgms-ev.de\/index.php?rest_route=\/wp\/v2\/pages"}],"about":[{"href":"http:\/\/wp.mgms-ev.de\/index.php?rest_route=\/wp\/v2\/types\/page"}],"author":[{"embeddable":true,"href":"http:\/\/wp.mgms-ev.de\/index.php?rest_route=\/wp\/v2\/users\/1"}],"replies":[{"embeddable":true,"href":"http:\/\/wp.mgms-ev.de\/index.php?rest_route=%2Fwp%2Fv2%2Fcomments&post=120"}],"version-history":[{"count":24,"href":"http:\/\/wp.mgms-ev.de\/index.php?rest_route=\/wp\/v2\/pages\/120\/revisions"}],"predecessor-version":[{"id":1973,"href":"http:\/\/wp.mgms-ev.de\/index.php?rest_route=\/wp\/v2\/pages\/120\/revisions\/1973"}],"wp:attachment":[{"href":"http:\/\/wp.mgms-ev.de\/index.php?rest_route=%2Fwp%2Fv2%2Fmedia&parent=120"}],"curies":[{"name":"wp","href":"https:\/\/api.w.org\/{rel}","templated":true}]}}