{"id":1258,"date":"2016-10-26T15:45:58","date_gmt":"2016-10-26T15:45:58","guid":{"rendered":"http:\/\/wp.mgms-ev.de\/?page_id=1258"},"modified":"2023-02-25T18:55:24","modified_gmt":"2023-02-25T18:55:24","slug":"modul-1-kurse-online","status":"publish","type":"page","link":"http:\/\/wp.mgms-ev.de\/?page_id=1258","title":{"rendered":"Modul 1 Kurse online"},"content":{"rendered":"<p><strong><a href=\"http:\/\/www.imtt.ch\"><span style=\"text-decoration: underline;\"><span style=\"color: #0000ff; text-decoration: underline;\">Termine f\u00fcr Modul 1 Kurse in der Schweiz und im europ\u00e4ischen Ausland:<\/span><\/span><\/a><\/strong><\/p>\n<p><strong>Termine f\u00fcr die Modul 1 Kurse nach IMTT Standard in Deutschland:<\/strong><\/p>\n<p><a href=\"http:\/\/wp.mgms-ev.de\/?page_id=1228\"><span style=\"text-decoration: underline;\"><span style=\"color: #0000ff; text-decoration: underline;\"><strong>10.03. &#8211; 14.03.2023<\/strong>\u00a0in\u00a0<strong>M\u00fcnster<\/strong>\u00a0mit Cordula Donhauser<\/span><\/span><\/a><\/p>\n<p><a href=\"http:\/\/wp.mgms-ev.de\/?page_id=1294\"><span style=\"text-decoration: underline;\"><span style=\"color: #0000ff; text-decoration: underline;\"><strong>09.03. &#8211; 13.03.2023<\/strong><\/span><\/span><span style=\"text-decoration: underline;\"><span style=\"color: #0000ff; text-decoration: underline;\">\u00a0in\u00a0<strong>Freiburg i.Br.<\/strong>\u00a0mit Roland Gautschi<\/span><\/span><\/a><\/p>\n<p><a href=\"http:\/\/wp.mgms-ev.de\/?page_id=1246\"><span style=\"text-decoration: underline;\"><span style=\"color: #0000ff; text-decoration: underline;\"><strong>20.04. &#8211; 24.04.2023<\/strong>\u00a0in\u00a0<strong>Hamburg<\/strong>\u00a0mit Roland Gautschi<\/span><\/span><\/a><\/p>\n<p><span style=\"text-decoration: underline;\"><a href=\"http:\/\/wp.mgms-ev.de\/?page_id=1246\"><strong style=\"color: #0000ff; text-decoration: underline;\">27.04. &#8211; 01.05.2023<\/strong><span style=\"color: #0000ff; text-decoration: underline;\">\u00a0in\u00a0<b>Berlin<\/b>\u00a0mit Roland Gautschi<\/span><\/a><\/span><\/p>\n<p><a href=\"http:\/\/wp.mgms-ev.de\/?page_id=1242\"><span style=\"text-decoration: underline;\"><strong style=\"color: #0000ff; text-decoration: underline;\">11.05. &#8211; 15.05.2023<\/strong><span style=\"color: #0000ff; text-decoration: underline;\">\u00a0in\u00a0<b>K\u00f6ln<\/b>\u00a0mit Roland Gautschi<\/span><\/span><\/a><\/p>\n<p><a href=\"http:\/\/wp.mgms-ev.de\/?page_id=1246\"><span style=\"text-decoration: underline;\"><span style=\"color: #0000ff; text-decoration: underline;\"><strong>02.11. &#8211; 06.11.2023<\/strong>\u00a0in\u00a0<strong>Hamburg<\/strong>\u00a0mit Roland Gautschi<\/span><\/span><\/a><\/p>\n<p>\u00a0<\/p>\n\n\n<p><\/p>\n","protected":false},"excerpt":{"rendered":"<p>Termine f\u00fcr Modul 1 Kurse in der Schweiz und im europ\u00e4ischen Ausland: Termine f\u00fcr die Modul 1 Kurse nach IMTT Standard in Deutschland: 10.03. &#8211; 14.03.2023\u00a0in\u00a0M\u00fcnster\u00a0mit Cordula Donhauser 09.03. &#8211; 13.03.2023\u00a0in\u00a0Freiburg i.Br.\u00a0mit Roland Gautschi 20.04. &#8211; 24.04.2023\u00a0in\u00a0Hamburg\u00a0mit Roland Gautschi 27.04. &#8211; 01.05.2023\u00a0in\u00a0Berlin\u00a0mit Roland Gautschi 11.05. &#8211; 15.05.2023\u00a0in\u00a0K\u00f6ln\u00a0mit Roland Gautschi 02.11. &#8211; 06.11.2023\u00a0in\u00a0Hamburg\u00a0mit Roland Gautschi \u00a0<\/p>\n","protected":false},"author":1,"featured_media":0,"parent":0,"menu_order":0,"comment_status":"closed","ping_status":"closed","template":"","meta":[],"_links":{"self":[{"href":"http:\/\/wp.mgms-ev.de\/index.php?rest_route=\/wp\/v2\/pages\/1258"}],"collection":[{"href":"http:\/\/wp.mgms-ev.de\/index.php?rest_route=\/wp\/v2\/pages"}],"about":[{"href":"http:\/\/wp.mgms-ev.de\/index.php?rest_route=\/wp\/v2\/types\/page"}],"author":[{"embeddable":true,"href":"http:\/\/wp.mgms-ev.de\/index.php?rest_route=\/wp\/v2\/users\/1"}],"replies":[{"embeddable":true,"href":"http:\/\/wp.mgms-ev.de\/index.php?rest_route=%2Fwp%2Fv2%2Fcomments&post=1258"}],"version-history":[{"count":70,"href":"http:\/\/wp.mgms-ev.de\/index.php?rest_route=\/wp\/v2\/pages\/1258\/revisions"}],"predecessor-version":[{"id":2468,"href":"http:\/\/wp.mgms-ev.de\/index.php?rest_route=\/wp\/v2\/pages\/1258\/revisions\/2468"}],"wp:attachment":[{"href":"http:\/\/wp.mgms-ev.de\/index.php?rest_route=%2Fwp%2Fv2%2Fmedia&parent=1258"}],"curies":[{"name":"wp","href":"https:\/\/api.w.org\/{rel}","templated":true}]}}