{"id":1378,"date":"2016-10-27T15:13:15","date_gmt":"2016-10-27T15:13:15","guid":{"rendered":"http:\/\/wp.mgms-ev.de\/?page_id=1378"},"modified":"2016-10-27T17:14:58","modified_gmt":"2016-10-27T17:14:58","slug":"zertifizierter-triggerpunkt-therapeut-imtt","status":"publish","type":"page","link":"http:\/\/wp.mgms-ev.de\/?page_id=1378","title":{"rendered":"Triggerpunkt-Therapeut IMTT\u00ae"},"content":{"rendered":"<p><a href=\"http:\/\/wp.mgms-ev.de\/?page_id=659\"><span style=\"text-decoration: underline;\"><span style=\"color: #0000ff; text-decoration: underline;\">Pr\u00fcfungen zum zertifizierten Triggerpunk-Therapeuten IMTT\u00ae<\/span><\/span><\/a><\/p>\n<p><strong>Voraussetzungen:<\/strong><\/p>\n<ul>\n<li>Physiotherapeutin\/Physiotherapeut und\/oder \u00c4rztin\/Arzt<\/li>\n<\/ul>\n<p><strong>Dauer:<\/strong>\u00a016 Kurstage<\/p>\n<ul>\n<li>Modul1 5 Tage und\u00a0Modul2 5 Tage = 10 Tage Basis-Ausbildung<\/li>\n<li>A1 4 Tage und\u00a0A2 4 Tage = 8 Tage Basis-Ausbildung (f\u00fcr \u00c4rzte, hiernach m\u00fcssen 7 klinische Ausbildung absolviert werden)<\/li>\n<li>Klinische Ausbildung (mindestens 3 Clinic Days) = 5 Tage (7 Tage nach A1+A2)<\/li>\n<li>Basis Ausbildung und Klinische Ausbildung = 15 Tage<\/li>\n<li>1 Tag Pr\u00fcfung (theoretisch und praktisch)<\/li>\n<\/ul>\n<p><img loading=\"lazy\" class=\"alignnone wp-image-1382\" src=\"http:\/\/wp.mgms-ev.de\/wp-content\/uploads\/2016\/10\/Graphik-Triggerpunkt-Therapeut-IMTT-270x300.png\" alt=\"Graphik Triggerpunkt-Therapeut IMTT\" width=\"501\" height=\"556\" srcset=\"http:\/\/wp.mgms-ev.de\/wp-content\/uploads\/2016\/10\/Graphik-Triggerpunkt-Therapeut-IMTT-270x300.png 270w, http:\/\/wp.mgms-ev.de\/wp-content\/uploads\/2016\/10\/Graphik-Triggerpunkt-Therapeut-IMTT-768x854.png 768w, http:\/\/wp.mgms-ev.de\/wp-content\/uploads\/2016\/10\/Graphik-Triggerpunkt-Therapeut-IMTT.png 800w\" sizes=\"(max-width: 501px) 100vw, 501px\" \/><\/p>\n<p><strong>Unterricht:<\/strong><\/p>\n<ul>\n<li>durch Internationales Instruktorenkollegium IMTT<\/li>\n<li>Kursskript zu Modul 1 + Modul 2 und A1 + A2<\/li>\n<li>Kursevaluation nach jeder Kurseinheit<\/li>\n<\/ul>\n<p><strong>Inhalte:<\/strong><\/p>\n<ul>\n<li>Theorie<\/li>\n<li>Anatomie\u00a0Palpatorische Identifikation der Muskeln<br \/>\n&#8211;\u00a0\u00a0Kenntnis von Ursprung und Ansatz<br \/>\n&#8211;\u00a0\u00a0Kenntnis der Dehnstellung<br \/>\n&#8211;\u00a0\u00a0Kenntnis der Entrapements<br \/>\n&#8211;\u00a0\u00a0Kenntnisse der Topographie der Gef\u00e4ss- und Nervenstr\u00e4nge<\/li>\n<li>Referred Pain Pattern<\/li>\n<li>Diagnostik<\/li>\n<li>Therapie<\/li>\n<li>Vorstellung \u00fcber Behandlungsstrategien<\/li>\n<li>Vorstellungen \u00fcber den Umgang mit Schmerz<\/li>\n<li>Vorstellungen \u00fcber Therapieresistenz<\/li>\n<\/ul>\n","protected":false},"excerpt":{"rendered":"<p>Pr\u00fcfungen zum zertifizierten Triggerpunk-Therapeuten IMTT\u00ae Voraussetzungen: Physiotherapeutin\/Physiotherapeut und\/oder \u00c4rztin\/Arzt Dauer:\u00a016 Kurstage Modul1 5 Tage und\u00a0Modul2 5 Tage = 10 Tage Basis-Ausbildung A1 4 Tage und\u00a0A2 4 Tage = 8 Tage Basis-Ausbildung (f\u00fcr \u00c4rzte, hiernach m\u00fcssen 7 klinische Ausbildung absolviert werden) Klinische Ausbildung (mindestens 3 Clinic Days) = 5 Tage (7 Tage nach A1+A2) Basis Ausbildung <a class=\"more-link\" href=\"http:\/\/wp.mgms-ev.de\/?page_id=1378\">Weiterlesen <i class=\"fa fa-chevron-right\"><\/i><\/a><\/p>\n","protected":false},"author":1,"featured_media":0,"parent":0,"menu_order":0,"comment_status":"closed","ping_status":"closed","template":"","meta":[],"_links":{"self":[{"href":"http:\/\/wp.mgms-ev.de\/index.php?rest_route=\/wp\/v2\/pages\/1378"}],"collection":[{"href":"http:\/\/wp.mgms-ev.de\/index.php?rest_route=\/wp\/v2\/pages"}],"about":[{"href":"http:\/\/wp.mgms-ev.de\/index.php?rest_route=\/wp\/v2\/types\/page"}],"author":[{"embeddable":true,"href":"http:\/\/wp.mgms-ev.de\/index.php?rest_route=\/wp\/v2\/users\/1"}],"replies":[{"embeddable":true,"href":"http:\/\/wp.mgms-ev.de\/index.php?rest_route=%2Fwp%2Fv2%2Fcomments&post=1378"}],"version-history":[{"count":15,"href":"http:\/\/wp.mgms-ev.de\/index.php?rest_route=\/wp\/v2\/pages\/1378\/revisions"}],"predecessor-version":[{"id":1429,"href":"http:\/\/wp.mgms-ev.de\/index.php?rest_route=\/wp\/v2\/pages\/1378\/revisions\/1429"}],"wp:attachment":[{"href":"http:\/\/wp.mgms-ev.de\/index.php?rest_route=%2Fwp%2Fv2%2Fmedia&parent=1378"}],"curies":[{"name":"wp","href":"https:\/\/api.w.org\/{rel}","templated":true}]}}