{"id":241,"date":"2016-08-16T17:03:13","date_gmt":"2016-08-16T17:03:13","guid":{"rendered":"http:\/\/wp.mgms-ev.de\/?page_id=241"},"modified":"2022-12-01T10:34:33","modified_gmt":"2022-12-01T10:34:33","slug":"modul-1","status":"publish","type":"page","link":"http:\/\/wp.mgms-ev.de\/?page_id=241","title":{"rendered":"Modul 1"},"content":{"rendered":"<p><strong>Basis- Ausbildung <\/strong>Myofasziale Triggerpunkt- Therapie IMTT\u00ae<\/p>\n<p>Die Kosten f\u00fcr einen Modul 1 Kurs liegen mit wenig Varianz bei ca. 640\u20ac.\u00a0Die aktuellen Kurspreise erfragen Sie bitte bei dem\u00a0jeweiligen Kursanbieter.<\/p>\n<p><a href=\"http:\/\/wp.mgms-ev.de\/?page_id=1258\"><span style=\"text-decoration: underline; color: #0000ff;\"><strong>Modul 1\u00a0Kurse<\/strong><\/span><\/a><\/p>\n<p><strong>Inhalte:\u00a0<\/strong>Rumpf-, Nacken- und Schultermuskeln<\/p>\n<p><strong>Stichworte:\u00a0<\/strong>Nackenschmerz, Kopfschmerz, Schulterschmerz, \u00ablow back pain\u00bb, Thoraxschmerz<\/p>\n<p><strong>Ziele:\u00a0<\/strong>Die Teilnehmenden lernen, myofaszial verursachte Schmerzen und Funktionsst\u00f6rungen des neuro-muskulo-skelettalen Systems zu erkennen. Sie wissen um die zugrunde liegenden pathophysiologischen Ver\u00e4nderungen der myofaszialen Strukturen und k\u00f6nnen diese (im Bereich von Rumpf, Nacken und Schulter) mittels manueller Techniken gezielt und ad\u00e4quat behandeln. Sie verstehen, bekannte Konzepte der funktionellen Bewegungstherapie ins Behandlungskonzept zu integrieren sowie Patienten angemessen zu instruieren.<\/p>\n<p><strong>Dauer:\u00a0<\/strong>5 Tage<\/p>\n<p><strong>Zielgruppe:\u00a0<\/strong>Physiotherapeuten und \u00c4rzte<\/p>\n","protected":false},"excerpt":{"rendered":"<p>Basis- Ausbildung Myofasziale Triggerpunkt- Therapie IMTT\u00ae Die Kosten f\u00fcr einen Modul 1 Kurs liegen mit wenig Varianz bei ca. 640\u20ac.\u00a0Die aktuellen Kurspreise erfragen Sie bitte bei dem\u00a0jeweiligen Kursanbieter. Modul 1\u00a0Kurse Inhalte:\u00a0Rumpf-, Nacken- und Schultermuskeln Stichworte:\u00a0Nackenschmerz, Kopfschmerz, Schulterschmerz, \u00ablow back pain\u00bb, Thoraxschmerz Ziele:\u00a0Die Teilnehmenden lernen, myofaszial verursachte Schmerzen und Funktionsst\u00f6rungen des neuro-muskulo-skelettalen Systems zu erkennen. Sie <a class=\"more-link\" href=\"http:\/\/wp.mgms-ev.de\/?page_id=241\">Weiterlesen <i class=\"fa fa-chevron-right\"><\/i><\/a><\/p>\n","protected":false},"author":1,"featured_media":0,"parent":27,"menu_order":0,"comment_status":"closed","ping_status":"closed","template":"","meta":[],"_links":{"self":[{"href":"http:\/\/wp.mgms-ev.de\/index.php?rest_route=\/wp\/v2\/pages\/241"}],"collection":[{"href":"http:\/\/wp.mgms-ev.de\/index.php?rest_route=\/wp\/v2\/pages"}],"about":[{"href":"http:\/\/wp.mgms-ev.de\/index.php?rest_route=\/wp\/v2\/types\/page"}],"author":[{"embeddable":true,"href":"http:\/\/wp.mgms-ev.de\/index.php?rest_route=\/wp\/v2\/users\/1"}],"replies":[{"embeddable":true,"href":"http:\/\/wp.mgms-ev.de\/index.php?rest_route=%2Fwp%2Fv2%2Fcomments&post=241"}],"version-history":[{"count":36,"href":"http:\/\/wp.mgms-ev.de\/index.php?rest_route=\/wp\/v2\/pages\/241\/revisions"}],"predecessor-version":[{"id":2457,"href":"http:\/\/wp.mgms-ev.de\/index.php?rest_route=\/wp\/v2\/pages\/241\/revisions\/2457"}],"up":[{"embeddable":true,"href":"http:\/\/wp.mgms-ev.de\/index.php?rest_route=\/wp\/v2\/pages\/27"}],"wp:attachment":[{"href":"http:\/\/wp.mgms-ev.de\/index.php?rest_route=%2Fwp%2Fv2%2Fmedia&parent=241"}],"curies":[{"name":"wp","href":"https:\/\/api.w.org\/{rel}","templated":true}]}}