{"id":269,"date":"2016-08-26T07:30:31","date_gmt":"2016-08-26T07:30:31","guid":{"rendered":"http:\/\/wp.mgms-ev.de\/?page_id=269"},"modified":"2022-12-01T10:30:17","modified_gmt":"2022-12-01T10:30:17","slug":"modul-2","status":"publish","type":"page","link":"http:\/\/wp.mgms-ev.de\/?page_id=269","title":{"rendered":"Modul 2"},"content":{"rendered":"<p><strong>\u00a0<\/strong><\/p>\n<p><strong>Basis- Ausbildung\u00a0<\/strong>Myofasziale Triggerpunkt- Therapie IMTT\u00ae<\/p>\n<p>Die Kosten f\u00fcr einen Modul 2 Kurs liegen mit wenig Varianz bei ca. 640\u20ac.\u00a0Die aktuellen Kurspreise erfragen Sie bitte bei dem\u00a0jeweiligen Kursanbieter.<\/p>\n<p><a href=\"http:\/\/wp.mgms-ev.de\/?page_id=1311\"><span style=\"text-decoration: underline; color: #0000ff;\"><strong>Modul 2 Kurse<\/strong><\/span><\/a><\/p>\n<p><strong>Inhalte: <\/strong>Extremit\u00e4tenmuskeln, Kopf-, Gesichts- und Kaumuskeln, Entrapments<\/p>\n<p><strong>Stichworte:\u00a0<\/strong>Kopfschmerz, Schleudertrauma, Kieferschmerzen;\u00a0\u201ethoracic outlet syndrom\u201c, Epikondylopathie, Karpaltunnelsyndrom, Supinatorsyndrom, Pronatorsyndrom, Handgelenk- und Fingerschmerz;\u00a0Piriformissyndrom, Trochanterschmerz, Begleitschmerz bei Arthrose, Leistenschmerz, Knieschmerz, Tarsaltunnelsyndrom, Achillodynie<\/p>\n<p><strong>Ziele: <\/strong>Die Teilnehmenden vertiefen ihr Verst\u00e4ndnis \u00fcber myofaszial verursachte Schmerzen und Funktionsst\u00f6rungen und setzen sich mit komplexen myofaszialen Schmerzsyndromen auseinander (Clinical Reasoning). Sie verfeinern und differenzieren die manuellen Behandlungstechniken im Bereich der Kopf- und Extremit\u00e4tenmuskulatur.<\/p>\n<p><strong>Dauer:\u00a0<\/strong>5 Tage<\/p>\n<p><strong>Zielgruppe:\u00a0<\/strong>Physiotherapeuten und \u00c4rzte<strong>\u00a0<\/strong><\/p>\n","protected":false},"excerpt":{"rendered":"<p>\u00a0 Basis- Ausbildung\u00a0Myofasziale Triggerpunkt- Therapie IMTT\u00ae Die Kosten f\u00fcr einen Modul 2 Kurs liegen mit wenig Varianz bei ca. 640\u20ac.\u00a0Die aktuellen Kurspreise erfragen Sie bitte bei dem\u00a0jeweiligen Kursanbieter. Modul 2 Kurse Inhalte: Extremit\u00e4tenmuskeln, Kopf-, Gesichts- und Kaumuskeln, Entrapments Stichworte:\u00a0Kopfschmerz, Schleudertrauma, Kieferschmerzen;\u00a0\u201ethoracic outlet syndrom\u201c, Epikondylopathie, Karpaltunnelsyndrom, Supinatorsyndrom, Pronatorsyndrom, Handgelenk- und Fingerschmerz;\u00a0Piriformissyndrom, Trochanterschmerz, Begleitschmerz bei Arthrose, Leistenschmerz, <a class=\"more-link\" href=\"http:\/\/wp.mgms-ev.de\/?page_id=269\">Weiterlesen <i class=\"fa fa-chevron-right\"><\/i><\/a><\/p>\n","protected":false},"author":1,"featured_media":0,"parent":0,"menu_order":0,"comment_status":"closed","ping_status":"closed","template":"","meta":[],"_links":{"self":[{"href":"http:\/\/wp.mgms-ev.de\/index.php?rest_route=\/wp\/v2\/pages\/269"}],"collection":[{"href":"http:\/\/wp.mgms-ev.de\/index.php?rest_route=\/wp\/v2\/pages"}],"about":[{"href":"http:\/\/wp.mgms-ev.de\/index.php?rest_route=\/wp\/v2\/types\/page"}],"author":[{"embeddable":true,"href":"http:\/\/wp.mgms-ev.de\/index.php?rest_route=\/wp\/v2\/users\/1"}],"replies":[{"embeddable":true,"href":"http:\/\/wp.mgms-ev.de\/index.php?rest_route=%2Fwp%2Fv2%2Fcomments&post=269"}],"version-history":[{"count":28,"href":"http:\/\/wp.mgms-ev.de\/index.php?rest_route=\/wp\/v2\/pages\/269\/revisions"}],"predecessor-version":[{"id":2454,"href":"http:\/\/wp.mgms-ev.de\/index.php?rest_route=\/wp\/v2\/pages\/269\/revisions\/2454"}],"wp:attachment":[{"href":"http:\/\/wp.mgms-ev.de\/index.php?rest_route=%2Fwp%2Fv2%2Fmedia&parent=269"}],"curies":[{"name":"wp","href":"https:\/\/api.w.org\/{rel}","templated":true}]}}