{"id":549,"date":"2016-09-07T16:32:41","date_gmt":"2016-09-07T16:32:41","guid":{"rendered":"http:\/\/wp.mgms-ev.de\/?page_id=549"},"modified":"2016-09-07T16:32:41","modified_gmt":"2016-09-07T16:32:41","slug":"doris-kubasinski","status":"publish","type":"page","link":"http:\/\/wp.mgms-ev.de\/?page_id=549","title":{"rendered":"Doris Kubasinski"},"content":{"rendered":"<p>ist Lehrkraft f\u00fcr Physiotherapie an der Prof. Grewe Schule und im Dualen Studiengang der Hochschule in Osnabr\u00fcck. Sie ist Manualtherapeutin und Triggerpunkt-Therapeutin IMTT\u00ae und lehrt im Internationalen Instruktorenkollegium f\u00fcr Myofasziale Triggerpunkt-Therapie.<\/p>\n<p>Doris Kubasinski: &#8220; &#8230; die Myofasziale Triggerpunkt-Therapie ist f\u00fcr mich eine wertvolle Untersuchungs- und Behandlungstechnik, um Patienten bei der Bew\u00e4ltigung ihres Gesundheitsproblems erfolgreich zu unterst\u00fctzen. Ich sehe eine hohe \u00dcbereinstimmung der Anforderungen aus der t\u00e4glichen Praxis mit den Zielen und Interessen des Vereins. Deshalb engagiere ich mich in der MGMS-e.V.<\/p>\n<p><img loading=\"lazy\" class=\"alignnone size-full wp-image-550\" src=\"http:\/\/wp.mgms-ev.de\/wp-content\/uploads\/2016\/09\/Doris-Kubasinski.jpg\" alt=\"Doris Kubasinski\" width=\"90\" height=\"120\" \/><\/p>\n<p>&nbsp;<\/p>\n","protected":false},"excerpt":{"rendered":"<p>ist Lehrkraft f\u00fcr Physiotherapie an der Prof. Grewe Schule und im Dualen Studiengang der Hochschule in Osnabr\u00fcck. Sie ist Manualtherapeutin und Triggerpunkt-Therapeutin IMTT\u00ae und lehrt im Internationalen Instruktorenkollegium f\u00fcr Myofasziale Triggerpunkt-Therapie. Doris Kubasinski: &#8220; &#8230; die Myofasziale Triggerpunkt-Therapie ist f\u00fcr mich eine wertvolle Untersuchungs- und Behandlungstechnik, um Patienten bei der Bew\u00e4ltigung ihres Gesundheitsproblems erfolgreich zu <a class=\"more-link\" href=\"http:\/\/wp.mgms-ev.de\/?page_id=549\">Weiterlesen <i class=\"fa fa-chevron-right\"><\/i><\/a><\/p>\n","protected":false},"author":1,"featured_media":0,"parent":0,"menu_order":0,"comment_status":"closed","ping_status":"closed","template":"","meta":[],"_links":{"self":[{"href":"http:\/\/wp.mgms-ev.de\/index.php?rest_route=\/wp\/v2\/pages\/549"}],"collection":[{"href":"http:\/\/wp.mgms-ev.de\/index.php?rest_route=\/wp\/v2\/pages"}],"about":[{"href":"http:\/\/wp.mgms-ev.de\/index.php?rest_route=\/wp\/v2\/types\/page"}],"author":[{"embeddable":true,"href":"http:\/\/wp.mgms-ev.de\/index.php?rest_route=\/wp\/v2\/users\/1"}],"replies":[{"embeddable":true,"href":"http:\/\/wp.mgms-ev.de\/index.php?rest_route=%2Fwp%2Fv2%2Fcomments&post=549"}],"version-history":[{"count":1,"href":"http:\/\/wp.mgms-ev.de\/index.php?rest_route=\/wp\/v2\/pages\/549\/revisions"}],"predecessor-version":[{"id":551,"href":"http:\/\/wp.mgms-ev.de\/index.php?rest_route=\/wp\/v2\/pages\/549\/revisions\/551"}],"wp:attachment":[{"href":"http:\/\/wp.mgms-ev.de\/index.php?rest_route=%2Fwp%2Fv2%2Fmedia&parent=549"}],"curies":[{"name":"wp","href":"https:\/\/api.w.org\/{rel}","templated":true}]}}